{"id":1225,"date":"2020-01-21T13:25:36","date_gmt":"2020-01-21T12:25:36","guid":{"rendered":"https:\/\/schoendorf-therapie.de\/remarques-sur-lutilisation-de-lappareil\/"},"modified":"2023-09-11T12:39:41","modified_gmt":"2023-09-11T10:39:41","slug":"remarques-sur-lutilisation-de-lappareil","status":"publish","type":"page","link":"https:\/\/schoendorf-therapie.de\/fr\/remarques-sur-lutilisation-de-lappareil\/","title":{"rendered":"Remarques sur l&rsquo;utilisation de l&rsquo;appareil"},"content":{"rendered":"\t\t<div data-elementor-type=\"wp-page\" data-elementor-id=\"1225\" class=\"elementor elementor-1225 elementor-21\" data-elementor-post-type=\"page\">\n\t\t\t\t\t\t<section class=\"elementor-section elementor-top-section elementor-element elementor-element-3eff6537 elementor-section-boxed elementor-section-height-default elementor-section-height-default\" data-id=\"3eff6537\" data-element_type=\"section\" data-e-type=\"section\" data-settings=\"{&quot;background_background&quot;:&quot;classic&quot;}\">\n\t\t\t\t\t\t\t<div class=\"elementor-background-overlay\"><\/div>\n\t\t\t\t\t\t\t<div class=\"elementor-container elementor-column-gap-default\">\n\t\t\t\t\t<div class=\"elementor-column elementor-col-66 elementor-top-column elementor-element elementor-element-50bd844d\" data-id=\"50bd844d\" data-element_type=\"column\" data-e-type=\"column\" data-settings=\"{&quot;background_background&quot;:&quot;classic&quot;}\">\n\t\t\t<div class=\"elementor-widget-wrap elementor-element-populated\">\n\t\t\t\t\t\t<div class=\"elementor-element elementor-element-66f9735d elementor-widget elementor-widget-spacer\" data-id=\"66f9735d\" data-element_type=\"widget\" data-e-type=\"widget\" data-widget_type=\"spacer.default\">\n\t\t\t\t<div class=\"elementor-widget-container\">\n\t\t\t\t\t\t\t<div class=\"elementor-spacer\">\n\t\t\t<div class=\"elementor-spacer-inner\"><\/div>\n\t\t<\/div>\n\t\t\t\t\t\t<\/div>\n\t\t\t\t<\/div>\n\t\t\t\t\t<\/div>\n\t\t<\/div>\n\t\t\t\t<div class=\"elementor-column elementor-col-33 elementor-top-column elementor-element elementor-element-79a26557\" data-id=\"79a26557\" data-element_type=\"column\" data-e-type=\"column\">\n\t\t\t<div class=\"elementor-widget-wrap elementor-element-populated\">\n\t\t\t\t\t\t<div class=\"elementor-element elementor-element-25577c3 elementor-widget elementor-widget-image\" data-id=\"25577c3\" data-element_type=\"widget\" data-e-type=\"widget\" data-widget_type=\"image.default\">\n\t\t\t\t<div class=\"elementor-widget-container\">\n\t\t\t\t\t\t\t\t\t\t\t\t\t\t\t<img decoding=\"async\" src=\"https:\/\/schoendorf-therapie.de\/wp-content\/uploads\/elementor\/thumbs\/doppel-schwung-schatten-olfxtqvz9443mg8kgjyxbgd0omwfcvw3ec6jngzi7c.png\" title=\"doppel-schwung-schatten\" alt=\"doppel-schwung-schatten\" loading=\"lazy\" \/>\t\t\t\t\t\t\t\t\t\t\t\t\t\t\t<\/div>\n\t\t\t\t<\/div>\n\t\t\t\t<div class=\"elementor-element elementor-element-cf1f69b elementor-widget elementor-widget-heading\" data-id=\"cf1f69b\" data-element_type=\"widget\" data-e-type=\"widget\" data-widget_type=\"heading.default\">\n\t\t\t\t<div class=\"elementor-widget-container\">\n\t\t\t\t\t<h1 class=\"elementor-heading-title elementor-size-default\">Remarques sur l'utilisation de l'appareil<\/h1>\t\t\t\t<\/div>\n\t\t\t\t<\/div>\n\t\t\t\t\t<\/div>\n\t\t<\/div>\n\t\t\t\t\t<\/div>\n\t\t<\/section>\n\t\t\t\t<section class=\"elementor-section elementor-top-section elementor-element elementor-element-b2cdd7e elementor-section-boxed elementor-section-height-default elementor-section-height-default\" data-id=\"b2cdd7e\" data-element_type=\"section\" data-e-type=\"section\" data-settings=\"{&quot;background_background&quot;:&quot;classic&quot;,&quot;shape_divider_top&quot;:&quot;arrow&quot;}\">\n\t\t\t\t\t<div class=\"elementor-shape elementor-shape-top\" aria-hidden=\"true\" data-negative=\"false\">\n\t\t\t<svg xmlns=\"http:\/\/www.w3.org\/2000\/svg\" viewBox=\"0 0 700 10\" preserveAspectRatio=\"none\">\n\t<path class=\"elementor-shape-fill\" d=\"M350,10L340,0h20L350,10z\"\/>\n<\/svg>\t\t<\/div>\n\t\t\t\t\t<div class=\"elementor-container elementor-column-gap-default\">\n\t\t\t\t\t<div class=\"elementor-column elementor-col-100 elementor-top-column elementor-element elementor-element-f058d84\" data-id=\"f058d84\" data-element_type=\"column\" data-e-type=\"column\">\n\t\t\t<div class=\"elementor-widget-wrap elementor-element-populated\">\n\t\t\t\t\t\t<div class=\"elementor-element elementor-element-6d021c5 elementor-widget elementor-widget-heading\" data-id=\"6d021c5\" data-element_type=\"widget\" data-e-type=\"widget\" data-widget_type=\"heading.default\">\n\t\t\t\t<div class=\"elementor-widget-container\">\n\t\t\t\t\t<h2 class=\"elementor-heading-title elementor-size-default\">Le r\u00e9glage individuel de l'intensit\u00e9 et du rythme<\/h2>\t\t\t\t<\/div>\n\t\t\t\t<\/div>\n\t\t\t\t<div class=\"elementor-element elementor-element-f32decd elementor-widget elementor-widget-text-editor\" data-id=\"f32decd\" data-element_type=\"widget\" data-e-type=\"widget\" data-widget_type=\"text-editor.default\">\n\t\t\t\t<div class=\"elementor-widget-container\">\n\t\t\t\t\t\t\t\t\t<h3 class=\"p1\">L&rsquo;intensit\u00e9<\/h3>\n<p>L&rsquo;intensit\u00e9 est r\u00e9glable en continu jusqu&rsquo;\u00e0 un maximum et toujours ajust\u00e9e de mani\u00e8re \u00e0 ce que le traitement soit ressenti comme agr\u00e9able. L&rsquo;intensit\u00e9 agit comme un courant circulant entre les \u00e9lectrodes manuelles. Une intensit\u00e9 trop \u00e9lev\u00e9e ne peut certes pas faire de mal, mais elle est g\u00e9n\u00e9ralement per\u00e7ue comme d\u00e9sagr\u00e9able et peut ainsi effrayer le patient. La conductivit\u00e9 \u00e9lectrique varie d&rsquo;une personne \u00e0 l&rsquo;autre. En cons\u00e9quence, l&rsquo;intensit\u00e9 doit \u00eatre r\u00e9gl\u00e9e au cas par cas.<\/p>\n<h3>Le r\u00e9gulateur d&rsquo;intensit\u00e9<\/h3>\n<p>L&rsquo;affichage au-dessus du curseur d&rsquo;intensit\u00e9 indique le niveau d&rsquo;intensit\u00e9 correspondant en % de la valeur maximale. En cas de panne de courant ou de d\u00e9branchement de la fiche d&rsquo;alimentation pendant la th\u00e9rapie, l&rsquo;appareil s&rsquo;\u00e9teint automatiquement. Le voyant jaune de fonctionnement s&rsquo;\u00e9teint. Pour remettre l&rsquo;appareil en marche, il faut d&rsquo;abord tourner le bouton de r\u00e9glage de l&rsquo;intensit\u00e9 compl\u00e8tement sur 0. Lors d&rsquo;une nouvelle mise en marche, le voyant de service jaune s&rsquo;allume \u00e0 nouveau. L&rsquo;appareil est imm\u00e9diatement \u00e0 nouveau op\u00e9rationnel.<\/p>\n<h3>Le rythme<\/h3>\n<p>Le rythme de la stimulation \u00e9lectrique r\u00e9sulte du nombre de cycles par seconde. Il est r\u00e9glable en continu de 1,0Hz \u00e0 0,1Hz et doit \u00eatre ajust\u00e9 en fonction des besoins th\u00e9rapeutiques.<\/p>\n<h3>L&rsquo;indicateur lumineux de rythme<\/h3>\n<p>Les indicateurs (jaunes) plac\u00e9s au-dessus de la commande de rythme clignotent au rythme de travail correspondant et visualisent ainsi la longueur de mesure r\u00e9gl\u00e9e.<\/p>\n\t\t\t\t\t\t\t\t<\/div>\n\t\t\t\t<\/div>\n\t\t\t\t\t<\/div>\n\t\t<\/div>\n\t\t\t\t\t<\/div>\n\t\t<\/section>\n\t\t\t\t<section class=\"elementor-section elementor-top-section elementor-element elementor-element-b32646e elementor-section-boxed elementor-section-height-default elementor-section-height-default\" data-id=\"b32646e\" data-element_type=\"section\" data-e-type=\"section\" data-settings=\"{&quot;background_background&quot;:&quot;classic&quot;,&quot;shape_divider_top&quot;:&quot;arrow&quot;}\">\n\t\t\t\t\t<div class=\"elementor-shape elementor-shape-top\" aria-hidden=\"true\" data-negative=\"false\">\n\t\t\t<svg xmlns=\"http:\/\/www.w3.org\/2000\/svg\" viewBox=\"0 0 700 10\" preserveAspectRatio=\"none\">\n\t<path class=\"elementor-shape-fill\" d=\"M350,10L340,0h20L350,10z\"\/>\n<\/svg>\t\t<\/div>\n\t\t\t\t\t<div class=\"elementor-container elementor-column-gap-default\">\n\t\t\t\t\t<div class=\"elementor-column elementor-col-100 elementor-top-column elementor-element elementor-element-0247711\" data-id=\"0247711\" data-element_type=\"column\" data-e-type=\"column\">\n\t\t\t<div class=\"elementor-widget-wrap elementor-element-populated\">\n\t\t\t\t\t\t<div class=\"elementor-element elementor-element-5bb4d1d elementor-widget elementor-widget-heading\" data-id=\"5bb4d1d\" data-element_type=\"widget\" data-e-type=\"widget\" data-widget_type=\"heading.default\">\n\t\t\t\t<div class=\"elementor-widget-container\">\n\t\t\t\t\t<h2 class=\"elementor-heading-title elementor-size-default\">Le r\u00e9glage individuel de l'intensit\u00e9 et du rythme<\/h2>\t\t\t\t<\/div>\n\t\t\t\t<\/div>\n\t\t\t\t<div class=\"elementor-element elementor-element-ff8e294 elementor-widget elementor-widget-text-editor\" data-id=\"ff8e294\" data-element_type=\"widget\" data-e-type=\"widget\" data-widget_type=\"text-editor.default\">\n\t\t\t\t<div class=\"elementor-widget-container\">\n\t\t\t\t\t\t\t\t\t<h3 class=\"p1\">L&rsquo;intensit\u00e9<\/h3>\n<p>L&rsquo;intensit\u00e9 est r\u00e9glable en continu jusqu&rsquo;\u00e0 un maximum et toujours ajust\u00e9e de mani\u00e8re \u00e0 ce que le traitement soit ressenti comme agr\u00e9able. L&rsquo;intensit\u00e9 agit comme un courant circulant entre les \u00e9lectrodes manuelles. Une intensit\u00e9 trop \u00e9lev\u00e9e ne peut certes pas faire de mal, mais elle est g\u00e9n\u00e9ralement per\u00e7ue comme d\u00e9sagr\u00e9able et peut ainsi effrayer le patient. La conductivit\u00e9 \u00e9lectrique varie d&rsquo;une personne \u00e0 l&rsquo;autre. En cons\u00e9quence, l&rsquo;intensit\u00e9 doit \u00eatre r\u00e9gl\u00e9e au cas par cas.<\/p>\n<h3>Le r\u00e9gulateur d&rsquo;intensit\u00e9<\/h3>\n<p>L&rsquo;affichage au-dessus du curseur d&rsquo;intensit\u00e9 indique le niveau d&rsquo;intensit\u00e9 correspondant en % de la valeur maximale. En cas de panne de courant ou de d\u00e9branchement de la fiche d&rsquo;alimentation pendant la th\u00e9rapie, l&rsquo;appareil s&rsquo;\u00e9teint automatiquement. Le voyant jaune de fonctionnement s&rsquo;\u00e9teint. Pour remettre l&rsquo;appareil en marche, il faut d&rsquo;abord tourner le bouton de r\u00e9glage de l&rsquo;intensit\u00e9 compl\u00e8tement sur 0. Lors d&rsquo;une nouvelle mise en marche, le voyant de service jaune s&rsquo;allume \u00e0 nouveau. L&rsquo;appareil est imm\u00e9diatement \u00e0 nouveau op\u00e9rationnel.<\/p>\n<h3>Le rythme<\/h3>\n<p>Le rythme de la stimulation \u00e9lectrique r\u00e9sulte du nombre de cycles par seconde. Il est r\u00e9glable en continu de 1,0Hz \u00e0 0,1Hz et doit \u00eatre ajust\u00e9 en fonction des besoins th\u00e9rapeutiques.<\/p>\n<h3>L&rsquo;indicateur lumineux de rythme<\/h3>\n<p>Les indicateurs (jaunes) plac\u00e9s au-dessus de la commande de rythme clignotent au rythme de travail correspondant et visualisent ainsi la longueur de mesure r\u00e9gl\u00e9e.<\/p>\n\t\t\t\t\t\t\t\t<\/div>\n\t\t\t\t<\/div>\n\t\t\t\t<div class=\"elementor-element elementor-element-ef8ada9 elementor-widget elementor-widget-heading\" data-id=\"ef8ada9\" data-element_type=\"widget\" data-e-type=\"widget\" data-widget_type=\"heading.default\">\n\t\t\t\t<div class=\"elementor-widget-container\">\n\t\t\t\t\t<h2 class=\"elementor-heading-title elementor-size-default\">Principes d'utilisation du courant de Sch\u00f6ndorf<\/h2>\t\t\t\t<\/div>\n\t\t\t\t<\/div>\n\t\t\t\t<div class=\"elementor-element elementor-element-aebccd7 elementor-widget elementor-widget-text-editor\" data-id=\"aebccd7\" data-element_type=\"widget\" data-e-type=\"widget\" data-widget_type=\"text-editor.default\">\n\t\t\t\t<div class=\"elementor-widget-container\">\n\t\t\t\t\t\t\t\t\t<h3 class=\"p1\">Le choix de la qualit\u00e9 du courant<\/h3>\n<p>Deux qualit\u00e9s de courant sont disponibles :<\/p>\n<ol>\n<li>Une pour la r\u00e9alisation de la th\u00e9rapie manuelle avec des \u00e9lectrodes manuelles ou de la kin\u00e9siologie. Pour ce faire, il suffit d&rsquo;appuyer sur le bouton de commande situ\u00e9 sur le symbole vers le bas.<\/li>\n<li>Une pour r\u00e9aliser une th\u00e9rapie de fixation ou une fixation comme de pr\u00e9f\u00e9rence pour les articulations et les organes. Pour ce faire, il suffit d&rsquo;appuyer \u00e0 nouveau sur le bouton de commande du symbole pour le faire remonter.<\/li>\n<\/ol>\n<h3>Le r\u00e9glage de l&rsquo;intensit\u00e9 et du rythme<\/h3>\n<p>Au d\u00e9but, il faut en principe choisir une intensit\u00e9 faible et un rythme court. Cela vaut pour les deux qualit\u00e9s de courant, car seul un rythme court permet de percevoir \u00e0 temps l&rsquo;intensit\u00e9 croissante. C&rsquo;est pourquoi il faut en principe ramener les r\u00e9gulateurs d&rsquo;intensit\u00e9 et de rythme vers la gauche, en but\u00e9e, apr\u00e8s chaque utilisation. Par la suite, l&rsquo;intensit\u00e9 et le rythme peuvent \u00eatre adapt\u00e9s en fonction des besoins th\u00e9rapeutiques. L&rsquo;adaptation de l&rsquo;intensit\u00e9 \u00e0 une sensation th\u00e9rapeutique agr\u00e9able pour le patient est toujours au premier plan.<\/p>\n<h3>La manipulation de l&rsquo;\u00e9lectrode \u00e0 paliers<\/h3>\n<p>L&rsquo;\u00e9lectrode \u00e0 paliers est utilis\u00e9e pour effectuer des traitements tissulaires de grande envergure et en profondeur. Le branchement de l&rsquo;\u00e9lectrode \u00e0 paliers est utilis\u00e9 pour traiter les muscles de surface. Dans ce cas, le courant circule d&rsquo;une \u00e9lectrode \u00e0 l&rsquo;autre. Le raccordement d&rsquo;\u00e9lectrodes \u00e0 gradins est utilis\u00e9 avec une contre-\u00e9lectrode et sert \u00e0 agir en profondeur. Dans ce cas, le courant monte ou descend de chaque \u00e9lectrode toujours vers la contre-\u00e9lectrode. La commande de rythme est toujours r\u00e9gl\u00e9e sur lent.<\/p>\n<h3>La manipulation des \u00e9lectrodes de fixation<\/h3>\n<p>Les \u00e9lectrodes de fixation sont utilis\u00e9es pour traiter de mani\u00e8re cibl\u00e9e des zones plus petites comme une articulation, un point nerveux ou un muscle. Pour ce faire, les \u00e9lectrodes sont appliqu\u00e9es fermement sur le site cible et fix\u00e9es par un ruban. La commande de rythme est toujours r\u00e9gl\u00e9e sur lent.<\/p>\n<h3>La manipulation des \u00e9lectrodes manuelles<\/h3>\n<p>Quelle main est plac\u00e9e dans quelle \u00e9lectrode et \u00e0 quelle prise de l&rsquo;appareil est raccord\u00e9e, cela n&rsquo;a aucune importance. La commande de rythme est toujours r\u00e9gl\u00e9e sur rapide. Les \u00e9lectrodes manuelles permettent de d\u00e9placer des substances dissoutes.<\/p>\n\t\t\t\t\t\t\t\t<\/div>\n\t\t\t\t<\/div>\n\t\t\t\t\t<\/div>\n\t\t<\/div>\n\t\t\t\t\t<\/div>\n\t\t<\/section>\n\t\t\t\t<\/div>\n\t\t","protected":false},"excerpt":{"rendered":"<p>Remarques sur l&rsquo;utilisation de l&rsquo;appareil Le r\u00e9glage individuel de l&rsquo;intensit\u00e9 et du rythme L&rsquo;intensit\u00e9 L&rsquo;intensit\u00e9 est r\u00e9glable en continu jusqu&rsquo;\u00e0 un maximum et toujours ajust\u00e9e de mani\u00e8re \u00e0 ce que le traitement soit ressenti comme agr\u00e9able. L&rsquo;intensit\u00e9 agit comme un courant circulant entre les \u00e9lectrodes manuelles. Une intensit\u00e9 trop \u00e9lev\u00e9e ne peut certes pas faire [&hellip;]<\/p>\n","protected":false},"author":1,"featured_media":0,"parent":0,"menu_order":0,"comment_status":"closed","ping_status":"closed","template":"","meta":{"site-sidebar-layout":"no-sidebar","site-content-layout":"page-builder","ast-site-content-layout":"default","site-content-style":"default","site-sidebar-style":"default","ast-global-header-display":"","ast-banner-title-visibility":"","ast-main-header-display":"","ast-hfb-above-header-display":"","ast-hfb-below-header-display":"","ast-hfb-mobile-header-display":"","site-post-title":"disabled","ast-breadcrumbs-content":"","ast-featured-img":"disabled","footer-sml-layout":"","ast-disable-related-posts":"","theme-transparent-header-meta":"default","adv-header-id-meta":"","stick-header-meta":"","header-above-stick-meta":"","header-main-stick-meta":"","header-below-stick-meta":"","astra-migrate-meta-layouts":"default","ast-page-background-enabled":"default","ast-page-background-meta":{"desktop":{"background-color":"var(--ast-global-color-4)","background-image":"","background-repeat":"repeat","background-position":"center center","background-size":"auto","background-attachment":"scroll","background-type":"","background-media":"","overlay-type":"","overlay-color":"","overlay-opacity":"","overlay-gradient":""},"tablet":{"background-color":"","background-image":"","background-repeat":"repeat","background-position":"center center","background-size":"auto","background-attachment":"scroll","background-type":"","background-media":"","overlay-type":"","overlay-color":"","overlay-opacity":"","overlay-gradient":""},"mobile":{"background-color":"","background-image":"","background-repeat":"repeat","background-position":"center center","background-size":"auto","background-attachment":"scroll","background-type":"","background-media":"","overlay-type":"","overlay-color":"","overlay-opacity":"","overlay-gradient":""}},"ast-content-background-meta":{"desktop":{"background-color":"var(--ast-global-color-5)","background-image":"","background-repeat":"repeat","background-position":"center center","background-size":"auto","background-attachment":"scroll","background-type":"","background-media":"","overlay-type":"","overlay-color":"","overlay-opacity":"","overlay-gradient":""},"tablet":{"background-color":"var(--ast-global-color-5)","background-image":"","background-repeat":"repeat","background-position":"center center","background-size":"auto","background-attachment":"scroll","background-type":"","background-media":"","overlay-type":"","overlay-color":"","overlay-opacity":"","overlay-gradient":""},"mobile":{"background-color":"var(--ast-global-color-5)","background-image":"","background-repeat":"repeat","background-position":"center center","background-size":"auto","background-attachment":"scroll","background-type":"","background-media":"","overlay-type":"","overlay-color":"","overlay-opacity":"","overlay-gradient":""}},"footnotes":""},"class_list":["post-1225","page","type-page","status-publish","hentry"],"aioseo_notices":[],"jetpack_sharing_enabled":true,"_links":{"self":[{"href":"https:\/\/schoendorf-therapie.de\/fr\/wp-json\/wp\/v2\/pages\/1225","targetHints":{"allow":["GET"]}}],"collection":[{"href":"https:\/\/schoendorf-therapie.de\/fr\/wp-json\/wp\/v2\/pages"}],"about":[{"href":"https:\/\/schoendorf-therapie.de\/fr\/wp-json\/wp\/v2\/types\/page"}],"author":[{"embeddable":true,"href":"https:\/\/schoendorf-therapie.de\/fr\/wp-json\/wp\/v2\/users\/1"}],"replies":[{"embeddable":true,"href":"https:\/\/schoendorf-therapie.de\/fr\/wp-json\/wp\/v2\/comments?post=1225"}],"version-history":[{"count":1,"href":"https:\/\/schoendorf-therapie.de\/fr\/wp-json\/wp\/v2\/pages\/1225\/revisions"}],"predecessor-version":[{"id":1233,"href":"https:\/\/schoendorf-therapie.de\/fr\/wp-json\/wp\/v2\/pages\/1225\/revisions\/1233"}],"wp:attachment":[{"href":"https:\/\/schoendorf-therapie.de\/fr\/wp-json\/wp\/v2\/media?parent=1225"}],"curies":[{"name":"wp","href":"https:\/\/api.w.org\/{rel}","templated":true}]}}