{"id":1240,"date":"2020-01-21T13:26:14","date_gmt":"2020-01-21T12:26:14","guid":{"rendered":"https:\/\/schoendorf-therapie.de\/donnees-techniques\/"},"modified":"2023-09-11T12:39:36","modified_gmt":"2023-09-11T10:39:36","slug":"donnees-techniques","status":"publish","type":"page","link":"https:\/\/schoendorf-therapie.de\/fr\/donnees-techniques\/","title":{"rendered":"Donn\u00e9es techniques"},"content":{"rendered":"\t\t<div data-elementor-type=\"wp-page\" data-elementor-id=\"1240\" class=\"elementor elementor-1240 elementor-23\" data-elementor-post-type=\"page\">\n\t\t\t\t\t\t<section class=\"elementor-section elementor-top-section elementor-element elementor-element-221df47f elementor-section-boxed elementor-section-height-default elementor-section-height-default\" data-id=\"221df47f\" data-element_type=\"section\" data-e-type=\"section\">\n\t\t\t\t\t\t<div class=\"elementor-container elementor-column-gap-default\">\n\t\t\t\t\t<div class=\"elementor-column elementor-col-66 elementor-top-column elementor-element elementor-element-2bf1ad2\" data-id=\"2bf1ad2\" data-element_type=\"column\" data-e-type=\"column\" data-settings=\"{&quot;background_background&quot;:&quot;classic&quot;}\">\n\t\t\t<div class=\"elementor-widget-wrap elementor-element-populated\">\n\t\t\t\t\t\t<div class=\"elementor-element elementor-element-4e69ce8d elementor-widget elementor-widget-spacer\" data-id=\"4e69ce8d\" data-element_type=\"widget\" data-e-type=\"widget\" data-widget_type=\"spacer.default\">\n\t\t\t\t<div class=\"elementor-widget-container\">\n\t\t\t\t\t\t\t<div class=\"elementor-spacer\">\n\t\t\t<div class=\"elementor-spacer-inner\"><\/div>\n\t\t<\/div>\n\t\t\t\t\t\t<\/div>\n\t\t\t\t<\/div>\n\t\t\t\t\t<\/div>\n\t\t<\/div>\n\t\t\t\t<div class=\"elementor-column elementor-col-33 elementor-top-column elementor-element elementor-element-792c5b04\" data-id=\"792c5b04\" data-element_type=\"column\" data-e-type=\"column\">\n\t\t\t<div class=\"elementor-widget-wrap elementor-element-populated\">\n\t\t\t\t\t\t<div class=\"elementor-element elementor-element-d7e4d23 elementor-widget elementor-widget-image\" data-id=\"d7e4d23\" data-element_type=\"widget\" data-e-type=\"widget\" data-widget_type=\"image.default\">\n\t\t\t\t<div class=\"elementor-widget-container\">\n\t\t\t\t\t\t\t\t\t\t\t\t\t\t\t<img decoding=\"async\" src=\"https:\/\/schoendorf-therapie.de\/wp-content\/uploads\/elementor\/thumbs\/doppel-schwung-schatten-olfxtqvz9443mg8kgjyxbgd0omwfcvw3ec6jngzi7c.png\" title=\"doppel-schwung-schatten\" alt=\"doppel-schwung-schatten\" loading=\"lazy\" \/>\t\t\t\t\t\t\t\t\t\t\t\t\t\t\t<\/div>\n\t\t\t\t<\/div>\n\t\t\t\t<div class=\"elementor-element elementor-element-43d44c11 elementor-widget elementor-widget-heading\" data-id=\"43d44c11\" data-element_type=\"widget\" data-e-type=\"widget\" data-widget_type=\"heading.default\">\n\t\t\t\t<div class=\"elementor-widget-container\">\n\t\t\t\t\t<h1 class=\"elementor-heading-title elementor-size-default\">Caract\u00e9ristiques techniques du SET III<\/h1>\t\t\t\t<\/div>\n\t\t\t\t<\/div>\n\t\t\t\t\t<\/div>\n\t\t<\/div>\n\t\t\t\t\t<\/div>\n\t\t<\/section>\n\t\t\t\t<section class=\"elementor-section elementor-top-section elementor-element elementor-element-da1adca elementor-section-boxed elementor-section-height-default elementor-section-height-default\" data-id=\"da1adca\" data-element_type=\"section\" data-e-type=\"section\">\n\t\t\t\t\t\t<div class=\"elementor-container elementor-column-gap-wider\">\n\t\t\t\t\t<div class=\"elementor-column elementor-col-50 elementor-top-column elementor-element elementor-element-2200210\" data-id=\"2200210\" data-element_type=\"column\" data-e-type=\"column\">\n\t\t\t<div class=\"elementor-widget-wrap elementor-element-populated\">\n\t\t\t\t\t\t<div class=\"elementor-element elementor-element-9b4042c elementor-widget elementor-widget-heading\" data-id=\"9b4042c\" data-element_type=\"widget\" data-e-type=\"widget\" data-widget_type=\"heading.default\">\n\t\t\t\t<div class=\"elementor-widget-container\">\n\t\t\t\t\t<h2 class=\"elementor-heading-title elementor-size-default\">Partie th\u00e9rapie<\/h2>\t\t\t\t<\/div>\n\t\t\t\t<\/div>\n\t\t\t\t<div class=\"elementor-element elementor-element-a84e182 elementor-widget elementor-widget-text-editor\" data-id=\"a84e182\" data-element_type=\"widget\" data-e-type=\"widget\" data-widget_type=\"text-editor.default\">\n\t\t\t\t<div class=\"elementor-widget-container\">\n\t\t\t\t\t\t\t\t\t<p>alimentation \u00e9lectrique : Adaptateur secteur<br \/>Tension de fonctionnement : 24 V<br \/>Consommation de courant : 0,38 V<br \/>Classe de protection : II<br \/>Pi\u00e8ce d&rsquo;application Type : BF<\/p>\n<h3>d&rsquo;intensit\u00e9 :<\/h3>\n<p>Plage de r\u00e9glage de l&rsquo;intensit\u00e9 : 0-100 %.<br \/>La pr\u00e9sence d&rsquo;intensit\u00e9 \u00e0 la sortie est indiqu\u00e9e par une diode jaune au-dessus du r\u00e9gulateur d&rsquo;intensit\u00e9. Le courant de sortie contient des composantes continues.<\/p>\n<h3>Rythme :<\/h3>\n<p>Plage de r\u00e9glage du rythme : 0,1-1,0 Hz<br \/>Deux diodes lumineuses au-dessus de la commande de rythme permettent de visualiser la mesure r\u00e9glable.<\/p>\n\t\t\t\t\t\t\t\t<\/div>\n\t\t\t\t<\/div>\n\t\t\t\t\t<\/div>\n\t\t<\/div>\n\t\t\t\t<div class=\"elementor-column elementor-col-50 elementor-top-column elementor-element elementor-element-4d6c160\" data-id=\"4d6c160\" data-element_type=\"column\" data-e-type=\"column\">\n\t\t\t<div class=\"elementor-widget-wrap elementor-element-populated\">\n\t\t\t\t\t\t<div class=\"elementor-element elementor-element-89a427e elementor-widget elementor-widget-heading\" data-id=\"89a427e\" data-element_type=\"widget\" data-e-type=\"widget\" data-widget_type=\"heading.default\">\n\t\t\t\t<div class=\"elementor-widget-container\">\n\t\t\t\t\t<h2 class=\"elementor-heading-title elementor-size-default\">Certification<\/h2>\t\t\t\t<\/div>\n\t\t\t\t<\/div>\n\t\t\t\t<div class=\"elementor-element elementor-element-1ab3758 elementor-widget elementor-widget-text-editor\" data-id=\"1ab3758\" data-element_type=\"widget\" data-e-type=\"widget\" data-widget_type=\"text-editor.default\">\n\t\t\t\t<div class=\"elementor-widget-container\">\n\t\t\t\t\t\t\t\t\t<p>Autorisation en tant que dispositif m\u00e9dical test\u00e9<br \/>Appareil Sch\u00f6ndorfstrom<br \/>Mod\u00e8le\/Type SET III<\/p>\n<p>D\u00e9claration CE de conformit\u00e9 CE 04999<br \/>D\u00e9claration de conformit\u00e9 CE<\/p>\n<ul>\n<li>Conform\u00e9ment \u00e0 la directive basse tension 73\/23\/CEE<\/li>\n<li>Conform\u00e9ment aux mesures de CEM (compatibilit\u00e9 \u00e9lectromagn\u00e9tique) EN 61 000-6-1:2007 et EN<\/li>\n<li>Selon la s\u00e9curit\u00e9 pour le bloc d&rsquo;alimentation : test\u00e9 selon MED EN 60601-1 et EN 60601-2-10<\/li>\n<\/ul>\n\t\t\t\t\t\t\t\t<\/div>\n\t\t\t\t<\/div>\n\t\t\t\t\t<\/div>\n\t\t<\/div>\n\t\t\t\t\t<\/div>\n\t\t<\/section>\n\t\t\t\t<\/div>\n\t\t","protected":false},"excerpt":{"rendered":"<p>Caract\u00e9ristiques techniques du SET III Partie th\u00e9rapie alimentation \u00e9lectrique : Adaptateur secteurTension de fonctionnement : 24 VConsommation de courant : 0,38 VClasse de protection : IIPi\u00e8ce d&rsquo;application Type : BF d&rsquo;intensit\u00e9 : Plage de r\u00e9glage de l&rsquo;intensit\u00e9 : 0-100 %.La pr\u00e9sence d&rsquo;intensit\u00e9 \u00e0 la sortie est indiqu\u00e9e par une diode jaune au-dessus du r\u00e9gulateur d&rsquo;intensit\u00e9. [&hellip;]<\/p>\n","protected":false},"author":1,"featured_media":0,"parent":0,"menu_order":0,"comment_status":"closed","ping_status":"closed","template":"","meta":{"site-sidebar-layout":"no-sidebar","site-content-layout":"page-builder","ast-site-content-layout":"default","site-content-style":"default","site-sidebar-style":"default","ast-global-header-display":"","ast-banner-title-visibility":"","ast-main-header-display":"","ast-hfb-above-header-display":"","ast-hfb-below-header-display":"","ast-hfb-mobile-header-display":"","site-post-title":"disabled","ast-breadcrumbs-content":"","ast-featured-img":"disabled","footer-sml-layout":"","ast-disable-related-posts":"","theme-transparent-header-meta":"default","adv-header-id-meta":"","stick-header-meta":"","header-above-stick-meta":"","header-main-stick-meta":"","header-below-stick-meta":"","astra-migrate-meta-layouts":"default","ast-page-background-enabled":"default","ast-page-background-meta":{"desktop":{"background-color":"var(--ast-global-color-4)","background-image":"","background-repeat":"repeat","background-position":"center center","background-size":"auto","background-attachment":"scroll","background-type":"","background-media":"","overlay-type":"","overlay-color":"","overlay-opacity":"","overlay-gradient":""},"tablet":{"background-color":"","background-image":"","background-repeat":"repeat","background-position":"center center","background-size":"auto","background-attachment":"scroll","background-type":"","background-media":"","overlay-type":"","overlay-color":"","overlay-opacity":"","overlay-gradient":""},"mobile":{"background-color":"","background-image":"","background-repeat":"repeat","background-position":"center center","background-size":"auto","background-attachment":"scroll","background-type":"","background-media":"","overlay-type":"","overlay-color":"","overlay-opacity":"","overlay-gradient":""}},"ast-content-background-meta":{"desktop":{"background-color":"var(--ast-global-color-5)","background-image":"","background-repeat":"repeat","background-position":"center center","background-size":"auto","background-attachment":"scroll","background-type":"","background-media":"","overlay-type":"","overlay-color":"","overlay-opacity":"","overlay-gradient":""},"tablet":{"background-color":"var(--ast-global-color-5)","background-image":"","background-repeat":"repeat","background-position":"center center","background-size":"auto","background-attachment":"scroll","background-type":"","background-media":"","overlay-type":"","overlay-color":"","overlay-opacity":"","overlay-gradient":""},"mobile":{"background-color":"var(--ast-global-color-5)","background-image":"","background-repeat":"repeat","background-position":"center center","background-size":"auto","background-attachment":"scroll","background-type":"","background-media":"","overlay-type":"","overlay-color":"","overlay-opacity":"","overlay-gradient":""}},"footnotes":""},"class_list":["post-1240","page","type-page","status-publish","hentry"],"aioseo_notices":[],"jetpack_sharing_enabled":true,"_links":{"self":[{"href":"https:\/\/schoendorf-therapie.de\/fr\/wp-json\/wp\/v2\/pages\/1240","targetHints":{"allow":["GET"]}}],"collection":[{"href":"https:\/\/schoendorf-therapie.de\/fr\/wp-json\/wp\/v2\/pages"}],"about":[{"href":"https:\/\/schoendorf-therapie.de\/fr\/wp-json\/wp\/v2\/types\/page"}],"author":[{"embeddable":true,"href":"https:\/\/schoendorf-therapie.de\/fr\/wp-json\/wp\/v2\/users\/1"}],"replies":[{"embeddable":true,"href":"https:\/\/schoendorf-therapie.de\/fr\/wp-json\/wp\/v2\/comments?post=1240"}],"version-history":[{"count":1,"href":"https:\/\/schoendorf-therapie.de\/fr\/wp-json\/wp\/v2\/pages\/1240\/revisions"}],"predecessor-version":[{"id":1247,"href":"https:\/\/schoendorf-therapie.de\/fr\/wp-json\/wp\/v2\/pages\/1240\/revisions\/1247"}],"wp:attachment":[{"href":"https:\/\/schoendorf-therapie.de\/fr\/wp-json\/wp\/v2\/media?parent=1240"}],"curies":[{"name":"wp","href":"https:\/\/api.w.org\/{rel}","templated":true}]}}