{"id":1259,"date":"2020-01-21T13:26:22","date_gmt":"2020-01-21T12:26:22","guid":{"rendered":"https:\/\/schoendorf-therapie.de\/litterature-complementaire\/"},"modified":"2023-09-11T12:39:37","modified_gmt":"2023-09-11T10:39:37","slug":"litterature-complementaire","status":"publish","type":"page","link":"https:\/\/schoendorf-therapie.de\/fr\/litterature-complementaire\/","title":{"rendered":"Litt\u00e9rature compl\u00e9mentaire"},"content":{"rendered":"\t\t<div data-elementor-type=\"wp-page\" data-elementor-id=\"1259\" class=\"elementor elementor-1259 elementor-25\" data-elementor-post-type=\"page\">\n\t\t\t\t\t\t<section class=\"elementor-section elementor-top-section elementor-element elementor-element-200720f6 elementor-section-boxed elementor-section-height-default elementor-section-height-default\" data-id=\"200720f6\" data-element_type=\"section\" data-e-type=\"section\">\n\t\t\t\t\t\t<div class=\"elementor-container elementor-column-gap-default\">\n\t\t\t\t\t<div class=\"elementor-column elementor-col-66 elementor-top-column elementor-element elementor-element-518e6cca\" data-id=\"518e6cca\" data-element_type=\"column\" data-e-type=\"column\" data-settings=\"{&quot;background_background&quot;:&quot;classic&quot;}\">\n\t\t\t<div class=\"elementor-widget-wrap elementor-element-populated\">\n\t\t\t\t\t\t<div class=\"elementor-element elementor-element-2f309cc8 elementor-widget elementor-widget-spacer\" data-id=\"2f309cc8\" data-element_type=\"widget\" data-e-type=\"widget\" data-widget_type=\"spacer.default\">\n\t\t\t\t<div class=\"elementor-widget-container\">\n\t\t\t\t\t\t\t<div class=\"elementor-spacer\">\n\t\t\t<div class=\"elementor-spacer-inner\"><\/div>\n\t\t<\/div>\n\t\t\t\t\t\t<\/div>\n\t\t\t\t<\/div>\n\t\t\t\t\t<\/div>\n\t\t<\/div>\n\t\t\t\t<div class=\"elementor-column elementor-col-33 elementor-top-column elementor-element elementor-element-3479d994\" data-id=\"3479d994\" data-element_type=\"column\" data-e-type=\"column\">\n\t\t\t<div class=\"elementor-widget-wrap elementor-element-populated\">\n\t\t\t\t\t\t<div class=\"elementor-element elementor-element-85e8ca6 elementor-widget elementor-widget-image\" data-id=\"85e8ca6\" data-element_type=\"widget\" data-e-type=\"widget\" data-widget_type=\"image.default\">\n\t\t\t\t<div class=\"elementor-widget-container\">\n\t\t\t\t\t\t\t\t\t\t\t\t\t\t\t<img decoding=\"async\" src=\"https:\/\/schoendorf-therapie.de\/wp-content\/uploads\/elementor\/thumbs\/doppel-schwung-schatten-olfxtqvz9443mg8kgjyxbgd0omwfcvw3ec6jngzi7c.png\" title=\"doppel-schwung-schatten\" alt=\"doppel-schwung-schatten\" loading=\"lazy\" \/>\t\t\t\t\t\t\t\t\t\t\t\t\t\t\t<\/div>\n\t\t\t\t<\/div>\n\t\t\t\t<div class=\"elementor-element elementor-element-45e2551a elementor-widget elementor-widget-heading\" data-id=\"45e2551a\" data-element_type=\"widget\" data-e-type=\"widget\" data-widget_type=\"heading.default\">\n\t\t\t\t<div class=\"elementor-widget-container\">\n\t\t\t\t\t<h1 class=\"elementor-heading-title elementor-size-default\">Litt\u00e9rature compl\u00e9mentaire<\/h1>\t\t\t\t<\/div>\n\t\t\t\t<\/div>\n\t\t\t\t\t<\/div>\n\t\t<\/div>\n\t\t\t\t\t<\/div>\n\t\t<\/section>\n\t\t\t\t<section class=\"elementor-section elementor-top-section elementor-element elementor-element-6d7a1c5 elementor-section-boxed elementor-section-height-default elementor-section-height-default\" data-id=\"6d7a1c5\" data-element_type=\"section\" data-e-type=\"section\">\n\t\t\t\t\t\t<div class=\"elementor-container elementor-column-gap-default\">\n\t\t\t\t\t<div class=\"elementor-column elementor-col-50 elementor-top-column elementor-element elementor-element-722849e\" data-id=\"722849e\" data-element_type=\"column\" data-e-type=\"column\">\n\t\t\t<div class=\"elementor-widget-wrap elementor-element-populated\">\n\t\t\t\t\t\t<div class=\"elementor-element elementor-element-fe501cd elementor-widget elementor-widget-image\" data-id=\"fe501cd\" data-element_type=\"widget\" data-e-type=\"widget\" data-widget_type=\"image.default\">\n\t\t\t\t<div class=\"elementor-widget-container\">\n\t\t\t\t\t\t\t\t\t\t\t\t\t\t\t<img decoding=\"async\" width=\"138\" height=\"218\" src=\"https:\/\/schoendorf-therapie.de\/wp-content\/uploads\/2020\/02\/51MITtfpj2L._AC_UY218_ML3_.jpg\" class=\"attachment-large size-large wp-image-426\" alt=\"Buch Leitfaden Elektrotherapie\" \/>\t\t\t\t\t\t\t\t\t\t\t\t\t\t\t<\/div>\n\t\t\t\t<\/div>\n\t\t\t\t\t<\/div>\n\t\t<\/div>\n\t\t\t\t<div class=\"elementor-column elementor-col-50 elementor-top-column elementor-element elementor-element-145f254\" data-id=\"145f254\" data-element_type=\"column\" data-e-type=\"column\">\n\t\t\t<div class=\"elementor-widget-wrap elementor-element-populated\">\n\t\t\t\t\t\t<div class=\"elementor-element elementor-element-327dc5f2 elementor-widget elementor-widget-heading\" data-id=\"327dc5f2\" data-element_type=\"widget\" data-e-type=\"widget\" data-widget_type=\"heading.default\">\n\t\t\t\t<div class=\"elementor-widget-container\">\n\t\t\t\t\t<h2 class=\"elementor-heading-title elementor-size-default\">Guide de l'\u00e9lectroth\u00e9rapie<\/h2>\t\t\t\t<\/div>\n\t\t\t\t<\/div>\n\t\t\t\t<div class=\"elementor-element elementor-element-0da9274 elementor-widget elementor-widget-heading\" data-id=\"0da9274\" data-element_type=\"widget\" data-e-type=\"widget\" data-widget_type=\"heading.default\">\n\t\t\t\t<div class=\"elementor-widget-container\">\n\t\t\t\t\t<h3 class=\"elementor-heading-title elementor-size-default\">  avec des applications pour plus de 130 maladies<\/h3>\t\t\t\t<\/div>\n\t\t\t\t<\/div>\n\t\t\t\t<div class=\"elementor-element elementor-element-84f0220 elementor-widget elementor-widget-text-editor\" data-id=\"84f0220\" data-element_type=\"widget\" data-e-type=\"widget\" data-widget_type=\"text-editor.default\">\n\t\t\t\t<div class=\"elementor-widget-container\">\n\t\t\t\t\t\t\t\t\t<p>Urban &amp; Fischer Verlag, ISBN-13. 978-3-437-48100-0<\/p>\n<p>Outre les principes physiques et les diff\u00e9rentes formes de courant, les auteurs d\u00e9crivent surtout les possibilit\u00e9s d&rsquo;utilisation pratique de l&rsquo;\u00e9lectroth\u00e9rapie.<\/p>\n<p>Les proc\u00e9d\u00e9s \u00e9lectroth\u00e9rapeutiques relatifs \u00e0 diff\u00e9rentes pathologies dans les domaines de l&rsquo;orthop\u00e9die, de la chirurgie\/traumatologie, de la m\u00e9decine interne et de la gyn\u00e9cologie sont expliqu\u00e9s en d\u00e9tail \u00e0 l&rsquo;aide de nombreuses photos.<\/p>\n<p><a href=\"http:\/\/www.amazon.de\/isbn-13-978-3-437-48100-0\/s?ie=UTF8&amp;page=1&amp;rh=i%3Aaps%2Ck%3Aisbn%2013.%20978-3-437-48100-0\" target=\"_blank\" rel=\"noopener\">Disponible ici<\/a><\/p>\n\t\t\t\t\t\t\t\t<\/div>\n\t\t\t\t<\/div>\n\t\t\t\t\t<\/div>\n\t\t<\/div>\n\t\t\t\t\t<\/div>\n\t\t<\/section>\n\t\t\t\t<\/div>\n\t\t","protected":false},"excerpt":{"rendered":"<p>Litt\u00e9rature compl\u00e9mentaire Guide de l&rsquo;\u00e9lectroth\u00e9rapie avec des applications pour plus de 130 maladies Urban &amp; Fischer Verlag, ISBN-13. 978-3-437-48100-0 Outre les principes physiques et les diff\u00e9rentes formes de courant, les auteurs d\u00e9crivent surtout les possibilit\u00e9s d&rsquo;utilisation pratique de l&rsquo;\u00e9lectroth\u00e9rapie. Les proc\u00e9d\u00e9s \u00e9lectroth\u00e9rapeutiques relatifs \u00e0 diff\u00e9rentes pathologies dans les domaines de l&rsquo;orthop\u00e9die, de la chirurgie\/traumatologie, de [&hellip;]<\/p>\n","protected":false},"author":1,"featured_media":0,"parent":0,"menu_order":0,"comment_status":"closed","ping_status":"closed","template":"","meta":{"site-sidebar-layout":"no-sidebar","site-content-layout":"page-builder","ast-site-content-layout":"default","site-content-style":"default","site-sidebar-style":"default","ast-global-header-display":"","ast-banner-title-visibility":"","ast-main-header-display":"","ast-hfb-above-header-display":"","ast-hfb-below-header-display":"","ast-hfb-mobile-header-display":"","site-post-title":"disabled","ast-breadcrumbs-content":"","ast-featured-img":"disabled","footer-sml-layout":"","ast-disable-related-posts":"","theme-transparent-header-meta":"default","adv-header-id-meta":"","stick-header-meta":"","header-above-stick-meta":"","header-main-stick-meta":"","header-below-stick-meta":"","astra-migrate-meta-layouts":"default","ast-page-background-enabled":"default","ast-page-background-meta":{"desktop":{"background-color":"var(--ast-global-color-4)","background-image":"","background-repeat":"repeat","background-position":"center center","background-size":"auto","background-attachment":"scroll","background-type":"","background-media":"","overlay-type":"","overlay-color":"","overlay-opacity":"","overlay-gradient":""},"tablet":{"background-color":"","background-image":"","background-repeat":"repeat","background-position":"center center","background-size":"auto","background-attachment":"scroll","background-type":"","background-media":"","overlay-type":"","overlay-color":"","overlay-opacity":"","overlay-gradient":""},"mobile":{"background-color":"","background-image":"","background-repeat":"repeat","background-position":"center center","background-size":"auto","background-attachment":"scroll","background-type":"","background-media":"","overlay-type":"","overlay-color":"","overlay-opacity":"","overlay-gradient":""}},"ast-content-background-meta":{"desktop":{"background-color":"var(--ast-global-color-5)","background-image":"","background-repeat":"repeat","background-position":"center center","background-size":"auto","background-attachment":"scroll","background-type":"","background-media":"","overlay-type":"","overlay-color":"","overlay-opacity":"","overlay-gradient":""},"tablet":{"background-color":"var(--ast-global-color-5)","background-image":"","background-repeat":"repeat","background-position":"center center","background-size":"auto","background-attachment":"scroll","background-type":"","background-media":"","overlay-type":"","overlay-color":"","overlay-opacity":"","overlay-gradient":""},"mobile":{"background-color":"var(--ast-global-color-5)","background-image":"","background-repeat":"repeat","background-position":"center center","background-size":"auto","background-attachment":"scroll","background-type":"","background-media":"","overlay-type":"","overlay-color":"","overlay-opacity":"","overlay-gradient":""}},"footnotes":""},"class_list":["post-1259","page","type-page","status-publish","hentry"],"aioseo_notices":[],"jetpack_sharing_enabled":true,"_links":{"self":[{"href":"https:\/\/schoendorf-therapie.de\/fr\/wp-json\/wp\/v2\/pages\/1259","targetHints":{"allow":["GET"]}}],"collection":[{"href":"https:\/\/schoendorf-therapie.de\/fr\/wp-json\/wp\/v2\/pages"}],"about":[{"href":"https:\/\/schoendorf-therapie.de\/fr\/wp-json\/wp\/v2\/types\/page"}],"author":[{"embeddable":true,"href":"https:\/\/schoendorf-therapie.de\/fr\/wp-json\/wp\/v2\/users\/1"}],"replies":[{"embeddable":true,"href":"https:\/\/schoendorf-therapie.de\/fr\/wp-json\/wp\/v2\/comments?post=1259"}],"version-history":[{"count":1,"href":"https:\/\/schoendorf-therapie.de\/fr\/wp-json\/wp\/v2\/pages\/1259\/revisions"}],"predecessor-version":[{"id":1270,"href":"https:\/\/schoendorf-therapie.de\/fr\/wp-json\/wp\/v2\/pages\/1259\/revisions\/1270"}],"wp:attachment":[{"href":"https:\/\/schoendorf-therapie.de\/fr\/wp-json\/wp\/v2\/media?parent=1259"}],"curies":[{"name":"wp","href":"https:\/\/api.w.org\/{rel}","templated":true}]}}