{"id":1339,"date":"2020-01-17T17:38:14","date_gmt":"2020-01-17T16:38:14","guid":{"rendered":"https:\/\/schoendorf-therapie.de\/declaration-de-confidentialite\/"},"modified":"2023-09-11T12:40:11","modified_gmt":"2023-09-11T10:40:11","slug":"declaration-de-confidentialite","status":"publish","type":"page","link":"https:\/\/schoendorf-therapie.de\/fr\/declaration-de-confidentialite\/","title":{"rendered":"D\u00e9claration de confidentialit\u00e9"},"content":{"rendered":"\t\t<div data-elementor-type=\"wp-page\" data-elementor-id=\"1339\" class=\"elementor elementor-1339 elementor-3\" data-elementor-post-type=\"page\">\n\t\t\t\t\t\t<section class=\"elementor-section elementor-top-section elementor-element elementor-element-33fa16ac elementor-section-boxed elementor-section-height-default elementor-section-height-default\" data-id=\"33fa16ac\" data-element_type=\"section\" data-e-type=\"section\">\n\t\t\t\t\t\t<div class=\"elementor-container elementor-column-gap-default\">\n\t\t\t\t\t<div class=\"elementor-column elementor-col-100 elementor-top-column elementor-element elementor-element-34de6c02\" data-id=\"34de6c02\" data-element_type=\"column\" data-e-type=\"column\">\n\t\t\t<div class=\"elementor-widget-wrap elementor-element-populated\">\n\t\t\t\t\t\t<div class=\"elementor-element elementor-element-3a5146b elementor-widget elementor-widget-heading\" data-id=\"3a5146b\" data-element_type=\"widget\" data-e-type=\"widget\" data-widget_type=\"heading.default\">\n\t\t\t\t<div class=\"elementor-widget-container\">\n\t\t\t\t\t<h1 class=\"elementor-heading-title elementor-size-default\">D\u00e9claration de confidentialit\u00e9<\/h1>\t\t\t\t<\/div>\n\t\t\t\t<\/div>\n\t\t\t\t<div class=\"elementor-element elementor-element-6383d02 elementor-widget elementor-widget-heading\" data-id=\"6383d02\" data-element_type=\"widget\" data-e-type=\"widget\" data-widget_type=\"heading.default\">\n\t\t\t\t<div class=\"elementor-widget-container\">\n\t\t\t\t\t<h2 class=\"elementor-heading-title elementor-size-default\">Qui sommes-nous ?<\/h2>\t\t\t\t<\/div>\n\t\t\t\t<\/div>\n\t\t\t\t<div class=\"elementor-element elementor-element-711692e0 elementor-widget elementor-widget-text-editor\" data-id=\"711692e0\" data-element_type=\"widget\" data-e-type=\"widget\" data-widget_type=\"text-editor.default\">\n\t\t\t\t<div class=\"elementor-widget-container\">\n\t\t\t\t\t\t\t\t\t\n<p>L&rsquo;adresse de notre site web est la suivante : http:\/\/schoendorf-therapie.de.<\/p>\n\t\t\t\t\t\t\t\t<\/div>\n\t\t\t\t<\/div>\n\t\t\t\t<div class=\"elementor-element elementor-element-a11627f elementor-widget elementor-widget-heading\" data-id=\"a11627f\" data-element_type=\"widget\" data-e-type=\"widget\" data-widget_type=\"heading.default\">\n\t\t\t\t<div class=\"elementor-widget-container\">\n\t\t\t\t\t<h2 class=\"elementor-heading-title elementor-size-default\">Collecte et traitement des donn\u00e9es<\/h2>\t\t\t\t<\/div>\n\t\t\t\t<\/div>\n\t\t\t\t<div class=\"elementor-element elementor-element-6223494 elementor-widget elementor-widget-text-editor\" data-id=\"6223494\" data-element_type=\"widget\" data-e-type=\"widget\" data-widget_type=\"text-editor.default\">\n\t\t\t\t<div class=\"elementor-widget-container\">\n\t\t\t\t\t\t\t\t\t<p>Nous collectons, utilisons et enregistrons vos donn\u00e9es personnelles exclusivement dans le cadre des dispositions de la loi f\u00e9d\u00e9rale sur la protection des donn\u00e9es de la R\u00e9publique f\u00e9d\u00e9rale d&rsquo;Allemagne. Nous vous informons ci-apr\u00e8s de la nature, de l&rsquo;\u00e9tendue et de la finalit\u00e9 de la collecte et de l&rsquo;utilisation des donn\u00e9es.  <\/p>\n<p>Chaque acc\u00e8s \u00e0 notre site Internet et chaque consultation d&rsquo;un fichier d\u00e9pos\u00e9 sur ce site sont consign\u00e9s. L&rsquo;enregistrement sert \u00e0 des fins internes li\u00e9es au syst\u00e8me et \u00e0 des fins statistiques. Les donn\u00e9es sont enregistr\u00e9es : Nom du fichier consult\u00e9, date et heure de la consultation, quantit\u00e9 de donn\u00e9es transmises, notification de la r\u00e9ussite de la consultation, navigateur web et domaine demandeur. En outre, les adresses IP des ordinateurs demandeurs sont consign\u00e9es. D&rsquo;autres donn\u00e9es personnelles ne sont collect\u00e9es que si l&rsquo;utilisateur du site web et\/ou le client fournit volontairement des indications, par exemple dans le cadre d&rsquo;une demande ou d&rsquo;un enregistrement ou pour la conclusion d&rsquo;un contrat ou via les param\u00e8tres de son navigateur.  <\/p>\t\t\t\t\t\t\t\t<\/div>\n\t\t\t\t<\/div>\n\t\t\t\t<div class=\"elementor-element elementor-element-a5b8e8c elementor-widget elementor-widget-heading\" data-id=\"a5b8e8c\" data-element_type=\"widget\" data-e-type=\"widget\" data-widget_type=\"heading.default\">\n\t\t\t\t<div class=\"elementor-widget-container\">\n\t\t\t\t\t<h2 class=\"elementor-heading-title elementor-size-default\">Utilisation et transmission des donn\u00e9es \u00e0 caract\u00e8re personnel  <\/h2>\t\t\t\t<\/div>\n\t\t\t\t<\/div>\n\t\t\t\t<div class=\"elementor-element elementor-element-6622bd4 elementor-widget elementor-widget-text-editor\" data-id=\"6622bd4\" data-element_type=\"widget\" data-e-type=\"widget\" data-widget_type=\"text-editor.default\">\n\t\t\t\t<div class=\"elementor-widget-container\">\n\t\t\t\t\t\t\t\t\t<p>Dans la mesure o\u00f9 l&rsquo;utilisateur de notre site web a fourni des donn\u00e9es personnelles, nous les utilisons uniquement pour r\u00e9pondre aux demandes de l&rsquo;utilisateur du site web et\/ou des clients, pour l&rsquo;ex\u00e9cution des contrats conclus avec l&rsquo;utilisateur du site web et\/ou des clients et pour l&rsquo;administration technique. Nous ne transmettons les donn\u00e9es personnelles \u00e0 des tiers que si cela est n\u00e9cessaire \u00e0 l&rsquo;ex\u00e9cution du contrat ou \u00e0 des fins de facturation ou si l&rsquo;utilisateur du site web et\/ou le client a donn\u00e9 son accord pr\u00e9alable. L&rsquo;utilisateur du site web et\/ou le client a le droit de r\u00e9voquer \u00e0 tout moment un consentement donn\u00e9 avec effet pour l&rsquo;avenir.  <\/p>\n<p>Les donn\u00e9es personnelles enregistr\u00e9es sont supprim\u00e9es lorsque l&rsquo;utilisateur du site web et\/ou le client r\u00e9voque son consentement \u00e0 leur enregistrement, lorsque leur connaissance n&rsquo;est plus n\u00e9cessaire \u00e0 l&rsquo;accomplissement de l&rsquo;objectif poursuivi par leur enregistrement ou lorsque leur enregistrement n&rsquo;est pas autoris\u00e9 pour d&rsquo;autres raisons l\u00e9gales. Les donn\u00e9es utilis\u00e9es \u00e0 des fins de facturation et de comptabilit\u00e9 ne sont pas affect\u00e9es par une demande de suppression.<\/p>\n\t\t\t\t\t\t\t\t<\/div>\n\t\t\t\t<\/div>\n\t\t\t\t<div class=\"elementor-element elementor-element-0f9b6d9 elementor-widget elementor-widget-heading\" data-id=\"0f9b6d9\" data-element_type=\"widget\" data-e-type=\"widget\" data-widget_type=\"heading.default\">\n\t\t\t\t<div class=\"elementor-widget-container\">\n\t\t\t\t\t<h2 class=\"elementor-heading-title elementor-size-default\">Droit d'acc\u00e8s  <\/h2>\t\t\t\t<\/div>\n\t\t\t\t<\/div>\n\t\t\t\t<div class=\"elementor-element elementor-element-4a206e4 elementor-widget elementor-widget-text-editor\" data-id=\"4a206e4\" data-element_type=\"widget\" data-e-type=\"widget\" data-widget_type=\"text-editor.default\">\n\t\t\t\t<div class=\"elementor-widget-container\">\n\t\t\t\t\t\t\t\t\t<p>Sur demande \u00e9crite, nous informons l&rsquo;utilisateur du site web et\/ou le client des donn\u00e9es enregistr\u00e9es \u00e0 son sujet. La demande doit \u00eatre adress\u00e9e \u00e0 notre adresse indiqu\u00e9e dans les mentions l\u00e9gales du site.<\/p>\n\t\t\t\t\t\t\t\t<\/div>\n\t\t\t\t<\/div>\n\t\t\t\t\t<\/div>\n\t\t<\/div>\n\t\t\t\t\t<\/div>\n\t\t<\/section>\n\t\t\t\t<\/div>\n\t\t","protected":false},"excerpt":{"rendered":"<p>D\u00e9claration de confidentialit\u00e9 Qui sommes-nous ? L&rsquo;adresse de notre site web est la suivante : http:\/\/schoendorf-therapie.de. Collecte et traitement des donn\u00e9es Nous collectons, utilisons et enregistrons vos donn\u00e9es personnelles exclusivement dans le cadre des dispositions de la loi f\u00e9d\u00e9rale sur la protection des donn\u00e9es de la R\u00e9publique f\u00e9d\u00e9rale d&rsquo;Allemagne. Nous vous informons ci-apr\u00e8s de la [&hellip;]<\/p>\n","protected":false},"author":1,"featured_media":0,"parent":0,"menu_order":0,"comment_status":"closed","ping_status":"open","template":"","meta":{"site-sidebar-layout":"no-sidebar","site-content-layout":"page-builder","ast-site-content-layout":"default","site-content-style":"default","site-sidebar-style":"default","ast-global-header-display":"","ast-banner-title-visibility":"","ast-main-header-display":"","ast-hfb-above-header-display":"","ast-hfb-below-header-display":"","ast-hfb-mobile-header-display":"","site-post-title":"disabled","ast-breadcrumbs-content":"","ast-featured-img":"disabled","footer-sml-layout":"","ast-disable-related-posts":"","theme-transparent-header-meta":"default","adv-header-id-meta":"","stick-header-meta":"","header-above-stick-meta":"","header-main-stick-meta":"","header-below-stick-meta":"","astra-migrate-meta-layouts":"default","ast-page-background-enabled":"default","ast-page-background-meta":{"desktop":{"background-color":"var(--ast-global-color-4)","background-image":"","background-repeat":"repeat","background-position":"center center","background-size":"auto","background-attachment":"scroll","background-type":"","background-media":"","overlay-type":"","overlay-color":"","overlay-opacity":"","overlay-gradient":""},"tablet":{"background-color":"","background-image":"","background-repeat":"repeat","background-position":"center center","background-size":"auto","background-attachment":"scroll","background-type":"","background-media":"","overlay-type":"","overlay-color":"","overlay-opacity":"","overlay-gradient":""},"mobile":{"background-color":"","background-image":"","background-repeat":"repeat","background-position":"center center","background-size":"auto","background-attachment":"scroll","background-type":"","background-media":"","overlay-type":"","overlay-color":"","overlay-opacity":"","overlay-gradient":""}},"ast-content-background-meta":{"desktop":{"background-color":"var(--ast-global-color-5)","background-image":"","background-repeat":"repeat","background-position":"center center","background-size":"auto","background-attachment":"scroll","background-type":"","background-media":"","overlay-type":"","overlay-color":"","overlay-opacity":"","overlay-gradient":""},"tablet":{"background-color":"var(--ast-global-color-5)","background-image":"","background-repeat":"repeat","background-position":"center center","background-size":"auto","background-attachment":"scroll","background-type":"","background-media":"","overlay-type":"","overlay-color":"","overlay-opacity":"","overlay-gradient":""},"mobile":{"background-color":"var(--ast-global-color-5)","background-image":"","background-repeat":"repeat","background-position":"center center","background-size":"auto","background-attachment":"scroll","background-type":"","background-media":"","overlay-type":"","overlay-color":"","overlay-opacity":"","overlay-gradient":""}},"footnotes":""},"class_list":["post-1339","page","type-page","status-publish","hentry"],"aioseo_notices":[],"jetpack_sharing_enabled":true,"_links":{"self":[{"href":"https:\/\/schoendorf-therapie.de\/fr\/wp-json\/wp\/v2\/pages\/1339","targetHints":{"allow":["GET"]}}],"collection":[{"href":"https:\/\/schoendorf-therapie.de\/fr\/wp-json\/wp\/v2\/pages"}],"about":[{"href":"https:\/\/schoendorf-therapie.de\/fr\/wp-json\/wp\/v2\/types\/page"}],"author":[{"embeddable":true,"href":"https:\/\/schoendorf-therapie.de\/fr\/wp-json\/wp\/v2\/users\/1"}],"replies":[{"embeddable":true,"href":"https:\/\/schoendorf-therapie.de\/fr\/wp-json\/wp\/v2\/comments?post=1339"}],"version-history":[{"count":5,"href":"https:\/\/schoendorf-therapie.de\/fr\/wp-json\/wp\/v2\/pages\/1339\/revisions"}],"predecessor-version":[{"id":1358,"href":"https:\/\/schoendorf-therapie.de\/fr\/wp-json\/wp\/v2\/pages\/1339\/revisions\/1358"}],"wp:attachment":[{"href":"https:\/\/schoendorf-therapie.de\/fr\/wp-json\/wp\/v2\/media?parent=1339"}],"curies":[{"name":"wp","href":"https:\/\/api.w.org\/{rel}","templated":true}]}}