{"id":1355,"date":"2020-01-21T13:24:39","date_gmt":"2020-01-21T12:24:39","guid":{"rendered":"https:\/\/schoendorf-therapie.de\/therapie-par-les-epines-courant-de-schoendorf\/"},"modified":"2023-09-11T12:40:14","modified_gmt":"2023-09-11T10:40:14","slug":"therapie-par-les-epines-courant-de-schoendorf","status":"publish","type":"page","link":"https:\/\/schoendorf-therapie.de\/fr\/therapie-par-les-epines-courant-de-schoendorf\/","title":{"rendered":"Th\u00e9rapie par les \u00e9pines &amp; courant de Sch\u00f6ndorf"},"content":{"rendered":"\t\t<div data-elementor-type=\"wp-page\" data-elementor-id=\"1355\" class=\"elementor elementor-1355 elementor-15\" data-elementor-post-type=\"page\">\n\t\t\t\t\t\t<section class=\"elementor-section elementor-top-section elementor-element elementor-element-118ccfb6 elementor-section-boxed elementor-section-height-default elementor-section-height-default\" data-id=\"118ccfb6\" data-element_type=\"section\" data-e-type=\"section\">\n\t\t\t\t\t\t<div class=\"elementor-container elementor-column-gap-default\">\n\t\t\t\t\t<div class=\"elementor-column elementor-col-66 elementor-top-column elementor-element elementor-element-1d346a9\" data-id=\"1d346a9\" data-element_type=\"column\" data-e-type=\"column\" data-settings=\"{&quot;background_background&quot;:&quot;classic&quot;}\">\n\t\t\t<div class=\"elementor-widget-wrap elementor-element-populated\">\n\t\t\t\t\t\t<div class=\"elementor-element elementor-element-5d6201a1 elementor-widget elementor-widget-spacer\" data-id=\"5d6201a1\" data-element_type=\"widget\" data-e-type=\"widget\" data-widget_type=\"spacer.default\">\n\t\t\t\t<div class=\"elementor-widget-container\">\n\t\t\t\t\t\t\t<div class=\"elementor-spacer\">\n\t\t\t<div class=\"elementor-spacer-inner\"><\/div>\n\t\t<\/div>\n\t\t\t\t\t\t<\/div>\n\t\t\t\t<\/div>\n\t\t\t\t\t<\/div>\n\t\t<\/div>\n\t\t\t\t<div class=\"elementor-column elementor-col-33 elementor-top-column elementor-element elementor-element-6ef37914\" data-id=\"6ef37914\" data-element_type=\"column\" data-e-type=\"column\">\n\t\t\t<div class=\"elementor-widget-wrap elementor-element-populated\">\n\t\t\t\t\t\t<div class=\"elementor-element elementor-element-ed63222 elementor-widget elementor-widget-image\" data-id=\"ed63222\" data-element_type=\"widget\" data-e-type=\"widget\" data-widget_type=\"image.default\">\n\t\t\t\t<div class=\"elementor-widget-container\">\n\t\t\t\t\t\t\t\t\t\t\t\t\t\t\t<img decoding=\"async\" src=\"https:\/\/schoendorf-therapie.de\/wp-content\/uploads\/elementor\/thumbs\/doppel-schwung-schatten-olfxtqvz9443mg8kgjyxbgd0omwfcvw3ec6jngzi7c.png\" title=\"doppel-schwung-schatten\" alt=\"doppel-schwung-schatten\" loading=\"lazy\" \/>\t\t\t\t\t\t\t\t\t\t\t\t\t\t\t<\/div>\n\t\t\t\t<\/div>\n\t\t\t\t<div class=\"elementor-element elementor-element-b12b55d elementor-widget elementor-widget-heading\" data-id=\"b12b55d\" data-element_type=\"widget\" data-e-type=\"widget\" data-widget_type=\"heading.default\">\n\t\t\t\t<div class=\"elementor-widget-container\">\n\t\t\t\t\t<h1 class=\"elementor-heading-title elementor-size-default\">Th\u00e9rapie Dorn &amp; courant de Sch\u00f6ndorf<\/h1>\t\t\t\t<\/div>\n\t\t\t\t<\/div>\n\t\t\t\t\t<\/div>\n\t\t<\/div>\n\t\t\t\t\t<\/div>\n\t\t<\/section>\n\t\t\t\t<section class=\"elementor-section elementor-top-section elementor-element elementor-element-d4f31a1 elementor-section-boxed elementor-section-height-default elementor-section-height-default\" data-id=\"d4f31a1\" data-element_type=\"section\" data-e-type=\"section\">\n\t\t\t\t\t\t<div class=\"elementor-container elementor-column-gap-default\">\n\t\t\t\t\t<div class=\"elementor-column elementor-col-100 elementor-top-column elementor-element elementor-element-8dc33de\" data-id=\"8dc33de\" data-element_type=\"column\" data-e-type=\"column\">\n\t\t\t<div class=\"elementor-widget-wrap elementor-element-populated\">\n\t\t\t\t\t\t<div class=\"elementor-element elementor-element-4656a470 elementor-widget elementor-widget-heading\" data-id=\"4656a470\" data-element_type=\"widget\" data-e-type=\"widget\" data-widget_type=\"heading.default\">\n\t\t\t\t<div class=\"elementor-widget-container\">\n\t\t\t\t\t<h2 class=\"elementor-heading-title elementor-size-default\">Nouveaut\u00e9 \u00c9lectrode \u00e0 \u00e9tages pour la mobilisation des d\u00e9p\u00f4ts et des r\u00e9sidus m\u00e9taboliques<\/h2>\t\t\t\t<\/div>\n\t\t\t\t<\/div>\n\t\t\t\t<section class=\"elementor-section elementor-inner-section elementor-element elementor-element-109ea44 elementor-section-boxed elementor-section-height-default elementor-section-height-default\" data-id=\"109ea44\" data-element_type=\"section\" data-e-type=\"section\">\n\t\t\t\t\t\t<div class=\"elementor-container elementor-column-gap-no\">\n\t\t\t\t\t<div class=\"elementor-column elementor-col-50 elementor-inner-column elementor-element elementor-element-b52a25e\" data-id=\"b52a25e\" data-element_type=\"column\" data-e-type=\"column\">\n\t\t\t<div class=\"elementor-widget-wrap elementor-element-populated\">\n\t\t\t\t\t\t<div class=\"elementor-element elementor-element-6d64c6c elementor-widget elementor-widget-text-editor\" data-id=\"6d64c6c\" data-element_type=\"widget\" data-e-type=\"widget\" data-widget_type=\"text-editor.default\">\n\t\t\t\t<div class=\"elementor-widget-container\">\n\t\t\t\t\t\t\t\t\t<p>Les d\u00e9placements vert\u00e9braux ne peuvent pas \u00eatre corrig\u00e9s par la seule th\u00e9rapie Schoendorfstrom. Dans ce cas, la technique Dorn a fait ses preuves en raison de son innocuit\u00e9, en combinaison avec la th\u00e9rapie Sch\u00f6ndorfstrom.<\/p>\n<p>Cette combinaison est particuli\u00e8rement utile en cas de l\u00e9sions des disques intervert\u00e9braux ou de durcissement et de raccourcissement des ligaments, qui ont entra\u00een\u00e9 des douleurs et des troubles fonctionnels.<\/p>\n<p>En cas de durcissement des muscles, des ligaments et des tissus, les tissus concern\u00e9s sont pr\u00e9trait\u00e9s progressivement le long de la colonne vert\u00e9brale avec la th\u00e9rapie Sch\u00f6ndorfstrom. Les tissus se d\u00e9tendent et les muscles se d\u00e9contractent. Le th\u00e9rapeute Dorn peut maintenant effectuer avec succ\u00e8s le retour des vert\u00e8bres d\u00e9plac\u00e9es en utilisant beaucoup moins de force.<\/p>\n<p>Si des disques intervert\u00e9braux sont endommag\u00e9s, cette combinaison est la th\u00e9rapie la plus s\u00fbre pour ne pas aggraver des l\u00e9sions pr\u00e9existantes, car aucune technique de secousse ou de rotation n&rsquo;est utilis\u00e9e.<\/p>\n\t\t\t\t\t\t\t\t<\/div>\n\t\t\t\t<\/div>\n\t\t\t\t\t<\/div>\n\t\t<\/div>\n\t\t\t\t<div class=\"elementor-column elementor-col-50 elementor-inner-column elementor-element elementor-element-451023c\" data-id=\"451023c\" data-element_type=\"column\" data-e-type=\"column\">\n\t\t\t<div class=\"elementor-widget-wrap elementor-element-populated\">\n\t\t\t\t\t\t<div class=\"elementor-element elementor-element-8a96eab elementor-widget elementor-widget-image\" data-id=\"8a96eab\" data-element_type=\"widget\" data-e-type=\"widget\" data-widget_type=\"image.default\">\n\t\t\t\t<div class=\"elementor-widget-container\">\n\t\t\t\t\t\t\t\t\t\t\t\t\t\t\t<img fetchpriority=\"high\" decoding=\"async\" width=\"900\" height=\"600\" src=\"https:\/\/schoendorf-therapie.de\/wp-content\/uploads\/2020\/01\/patient.jpg\" class=\"attachment-full size-full wp-image-219\" alt=\"patient\" srcset=\"https:\/\/schoendorf-therapie.de\/wp-content\/uploads\/2020\/01\/patient.jpg 900w, https:\/\/schoendorf-therapie.de\/wp-content\/uploads\/2020\/01\/patient-600x400.jpg 600w, https:\/\/schoendorf-therapie.de\/wp-content\/uploads\/2020\/01\/patient-300x200.jpg 300w, https:\/\/schoendorf-therapie.de\/wp-content\/uploads\/2020\/01\/patient-768x512.jpg 768w\" sizes=\"(max-width: 900px) 100vw, 900px\" \/>\t\t\t\t\t\t\t\t\t\t\t\t\t\t\t<\/div>\n\t\t\t\t<\/div>\n\t\t\t\t\t<\/div>\n\t\t<\/div>\n\t\t\t\t\t<\/div>\n\t\t<\/section>\n\t\t\t\t\t<\/div>\n\t\t<\/div>\n\t\t\t\t\t<\/div>\n\t\t<\/section>\n\t\t\t\t<section class=\"elementor-section elementor-top-section elementor-element elementor-element-df1f419 elementor-section-boxed elementor-section-height-default elementor-section-height-default\" data-id=\"df1f419\" data-element_type=\"section\" data-e-type=\"section\">\n\t\t\t\t\t\t<div class=\"elementor-container elementor-column-gap-default\">\n\t\t\t\t\t<div class=\"elementor-column elementor-col-100 elementor-top-column elementor-element elementor-element-aca629e\" data-id=\"aca629e\" data-element_type=\"column\" data-e-type=\"column\">\n\t\t\t<div class=\"elementor-widget-wrap elementor-element-populated\">\n\t\t\t\t\t\t<div class=\"elementor-element elementor-element-4e4a6c7 elementor-widget elementor-widget-text-editor\" data-id=\"4e4a6c7\" data-element_type=\"widget\" data-e-type=\"widget\" data-widget_type=\"text-editor.default\">\n\t\t\t\t<div class=\"elementor-widget-container\">\n\t\t\t\t\t\t\t\t\t<h2>La th\u00e9rapie Dorn &amp; le courant de Sch\u00f6ndorf &#8211; un bannissement efficace des maux de dos et des douleurs musculaires<\/h2>\n<p>Le dos est un syst\u00e8me complexe de muscles, de tendons, de ligaments et de vert\u00e8bres. Des troubles fonctionnels et des douleurs &#8211; souvent associ\u00e9es &#8211; peuvent r\u00e9sulter de mauvaises postures inconscientes, de tensions internes dues \u00e0 un stress physique ou \u00e9motionnel ou \u00e0 un accident. Un simple massage ou du sport ne suffisent souvent pas comme forme de th\u00e9rapie efficace. La th\u00e9rapie Dorn peut offrir une bonne approche pour soulager les contractures musculaires et \u00e9liminer les douleurs dans le dos ainsi que dans les muscles. La th\u00e9rapie selon Dorn peut en outre \u00eatre une solution appropri\u00e9e en cas de douleurs chroniques des muscles du dos. Outre la th\u00e9rapie Dorn, la th\u00e9rapie Sch\u00f6ndorfstrom apporte \u00e9galement une valeur ajout\u00e9e en termes de soulagement de la douleur. En tant que naturopathe, nous vous proposons la th\u00e9rapie Sch\u00f6ndorfstrom. En outre, vous pouvez faire appel \u00e0 la th\u00e9rapie Dorn chez nous.<br \/>Qu&rsquo;est-ce qui caract\u00e9rise la th\u00e9rapie selon Dorn et dans quelle mesure une th\u00e9rapie Sch\u00f6ndorfstrom peut-elle vous rendre de bons services ? Nous vous pr\u00e9sentons dans cet aper\u00e7u les deux formes de th\u00e9rapie et leurs principes respectifs.<\/p>\n<h3>La th\u00e9rapie Dorn &#8211; le principe de la th\u00e9rapie de la colonne vert\u00e9brale expliqu\u00e9 simplement<\/h3>\n<p>La th\u00e9rapie selon Dorn est une th\u00e9rapie manuelle qui vise \u00e0 \u00e9liminer les blocages dans le dos. Il peut s&rsquo;agir de blocages dans la colonne vert\u00e9brale, mais aussi de blocages dans les articulations. Nous appliquons la technique de mobilisation avec des gestes cibl\u00e9s, tout en restant tr\u00e8s prudents. En tant que patient, vous participez activement \u00e0 la th\u00e9rapie. Cela peut consister \u00e0 balancer votre bras du c\u00f4t\u00e9 de votre corps oppos\u00e9 au blocage. Parall\u00e8lement, nous d\u00e9bloquons Nous traitons diff\u00e9rentes zones comme la colonne cervicale, la colonne thoracique et la colonne lombaire. En fonction de la zone de blocage, nous effectuons la th\u00e9rapie en position debout ou assise. De cette mani\u00e8re, les vert\u00e8bres peuvent \u00eatre r\u00e9align\u00e9es comme elles existaient \u00e0 l&rsquo;origine. Cette th\u00e9rapie tient son nom de son inventeur &#8211; Dieter Dorn, exploitant d&rsquo;une scierie et agriculteur &#8211; et se base en particulier sur le d\u00e9s\u00e9quilibre du bassin.<\/p>\n<h3>Th\u00e9rapie Sch\u00f6ndorfstrom &#8211; le principe de la th\u00e9rapie des troubles du m\u00e9tabolisme pr\u00e9sent\u00e9 de mani\u00e8re compr\u00e9hensible<\/h3>\n<p>En plus de la th\u00e9rapie Dorn, vous pouvez faire appel chez nous \u00e0 la th\u00e9rapie Sch\u00f6ndorfstrom. Il s&rsquo;agit d&rsquo;une forme de th\u00e9rapie bio\u00e9lectrique qui peut \u00eatre utilis\u00e9e en cas de troubles fonctionnels bas\u00e9s sur le m\u00e9tabolisme. L&rsquo;objectif de la th\u00e9rapie par le courant de Schoendorf est de soulager les tissus des substances m\u00e9taboliques qui provoquent des inflammations et des douleurs. De nombreuses inflammations sont souvent de nature chronique et sont dues \u00e0 des adh\u00e9rences des fascias, des ligaments, des tendons, des nerfs, des muscles et des articulations. Une fois que les r\u00e9sidus du m\u00e9tabolisme, les d\u00e9p\u00f4ts de calcaire et les m\u00e9diateurs qui provoquent des inflammations sont \u00e9limin\u00e9s, le sang peut circuler de mani\u00e8re plus optimale et les tissus sont mieux approvisionn\u00e9s en liquide. S&rsquo;il se r\u00e9tablit, les articulations et les disques intervert\u00e9braux sont soulag\u00e9s. La th\u00e9rapie par le courant de Sch\u00f6ndorf peut \u00e9galement \u00eatre utilis\u00e9e en cas de d\u00e9placement de la vert\u00e8bre atlas, de crampes musculaires chroniques et de douleurs dans les jambes dues \u00e0 une accumulation d&rsquo;eau lymphatique. Nous nous ferons un plaisir de vous conseiller sur d&rsquo;autres possibilit\u00e9s d&rsquo;application lors d&rsquo;un entretien personnel.<\/p>\n<h3><strong>Th\u00e9rapie Dorn<\/strong><strong> &amp; faire pratiquer la th\u00e9rapie Sch\u00f6ndorfstrom par un naturopathe<\/strong><\/h3>\n<p>Dans de nombreux cas, une combinaison d&rsquo;une th\u00e9rapie Dorn et d&rsquo;une th\u00e9rapie Sch\u00f6ndorfstrom s&rsquo;impose. Un pr\u00e9traitement par \u00e9tapes est envisageable avec la th\u00e9rapie de courant de Schoendorf. Dans un premier temps, les tissus sont assouplis. Ainsi, la th\u00e9rapie suivante selon Dorn n\u00e9cessite moins d&rsquo;efforts. Cela rend la th\u00e9rapie encore un peu plus agr\u00e9able pour vous en tant que patient. En cas de l\u00e9sions des disques intervert\u00e9braux, il est en principe recommand\u00e9 de combiner les deux formes de th\u00e9rapie.<br \/>Avant d&rsquo;entreprendre chez vous un traitement avec l&rsquo;une des formes de th\u00e9rapie ou avec les deux, nous menons un entretien de conseil personnel. Cela nous permet de r\u00e9pondre exactement \u00e0 vos besoins et de vous aider au mieux.<\/p>\n<p><strong>Contactez-nous d\u00e8s maintenant pour prendre rendez-vous !<\/strong><\/p>\n\t\t\t\t\t\t\t\t<\/div>\n\t\t\t\t<\/div>\n\t\t\t\t\t<\/div>\n\t\t<\/div>\n\t\t\t\t\t<\/div>\n\t\t<\/section>\n\t\t\t\t<\/div>\n\t\t","protected":false},"excerpt":{"rendered":"<p>Th\u00e9rapie Dorn &amp; courant de Sch\u00f6ndorf Nouveaut\u00e9 \u00c9lectrode \u00e0 \u00e9tages pour la mobilisation des d\u00e9p\u00f4ts et des r\u00e9sidus m\u00e9taboliques Les d\u00e9placements vert\u00e9braux ne peuvent pas \u00eatre corrig\u00e9s par la seule th\u00e9rapie Schoendorfstrom. Dans ce cas, la technique Dorn a fait ses preuves en raison de son innocuit\u00e9, en combinaison avec la th\u00e9rapie Sch\u00f6ndorfstrom. Cette combinaison [&hellip;]<\/p>\n","protected":false},"author":1,"featured_media":0,"parent":0,"menu_order":0,"comment_status":"closed","ping_status":"closed","template":"","meta":{"site-sidebar-layout":"no-sidebar","site-content-layout":"page-builder","ast-site-content-layout":"default","site-content-style":"default","site-sidebar-style":"default","ast-global-header-display":"","ast-banner-title-visibility":"","ast-main-header-display":"","ast-hfb-above-header-display":"","ast-hfb-below-header-display":"","ast-hfb-mobile-header-display":"","site-post-title":"disabled","ast-breadcrumbs-content":"","ast-featured-img":"disabled","footer-sml-layout":"","ast-disable-related-posts":"","theme-transparent-header-meta":"default","adv-header-id-meta":"","stick-header-meta":"","header-above-stick-meta":"","header-main-stick-meta":"","header-below-stick-meta":"","astra-migrate-meta-layouts":"default","ast-page-background-enabled":"default","ast-page-background-meta":{"desktop":{"background-color":"var(--ast-global-color-4)","background-image":"","background-repeat":"repeat","background-position":"center center","background-size":"auto","background-attachment":"scroll","background-type":"","background-media":"","overlay-type":"","overlay-color":"","overlay-opacity":"","overlay-gradient":""},"tablet":{"background-color":"","background-image":"","background-repeat":"repeat","background-position":"center center","background-size":"auto","background-attachment":"scroll","background-type":"","background-media":"","overlay-type":"","overlay-color":"","overlay-opacity":"","overlay-gradient":""},"mobile":{"background-color":"","background-image":"","background-repeat":"repeat","background-position":"center center","background-size":"auto","background-attachment":"scroll","background-type":"","background-media":"","overlay-type":"","overlay-color":"","overlay-opacity":"","overlay-gradient":""}},"ast-content-background-meta":{"desktop":{"background-color":"var(--ast-global-color-5)","background-image":"","background-repeat":"repeat","background-position":"center center","background-size":"auto","background-attachment":"scroll","background-type":"","background-media":"","overlay-type":"","overlay-color":"","overlay-opacity":"","overlay-gradient":""},"tablet":{"background-color":"var(--ast-global-color-5)","background-image":"","background-repeat":"repeat","background-position":"center center","background-size":"auto","background-attachment":"scroll","background-type":"","background-media":"","overlay-type":"","overlay-color":"","overlay-opacity":"","overlay-gradient":""},"mobile":{"background-color":"var(--ast-global-color-5)","background-image":"","background-repeat":"repeat","background-position":"center center","background-size":"auto","background-attachment":"scroll","background-type":"","background-media":"","overlay-type":"","overlay-color":"","overlay-opacity":"","overlay-gradient":""}},"footnotes":""},"class_list":["post-1355","page","type-page","status-publish","hentry"],"aioseo_notices":[],"jetpack_sharing_enabled":true,"_links":{"self":[{"href":"https:\/\/schoendorf-therapie.de\/fr\/wp-json\/wp\/v2\/pages\/1355","targetHints":{"allow":["GET"]}}],"collection":[{"href":"https:\/\/schoendorf-therapie.de\/fr\/wp-json\/wp\/v2\/pages"}],"about":[{"href":"https:\/\/schoendorf-therapie.de\/fr\/wp-json\/wp\/v2\/types\/page"}],"author":[{"embeddable":true,"href":"https:\/\/schoendorf-therapie.de\/fr\/wp-json\/wp\/v2\/users\/1"}],"replies":[{"embeddable":true,"href":"https:\/\/schoendorf-therapie.de\/fr\/wp-json\/wp\/v2\/comments?post=1355"}],"version-history":[{"count":1,"href":"https:\/\/schoendorf-therapie.de\/fr\/wp-json\/wp\/v2\/pages\/1355\/revisions"}],"predecessor-version":[{"id":1361,"href":"https:\/\/schoendorf-therapie.de\/fr\/wp-json\/wp\/v2\/pages\/1355\/revisions\/1361"}],"wp:attachment":[{"href":"https:\/\/schoendorf-therapie.de\/fr\/wp-json\/wp\/v2\/media?parent=1355"}],"curies":[{"name":"wp","href":"https:\/\/api.w.org\/{rel}","templated":true}]}}